{"id":24,"date":"2022-11-16T20:23:02","date_gmt":"2022-11-16T20:23:02","guid":{"rendered":"https:\/\/nicolorenzon.com.ar\/depto\/finalizar-compra\/"},"modified":"2024-06-14T20:12:37","modified_gmt":"2024-06-14T23:12:37","slug":"finalizar-compra","status":"publish","type":"page","link":"https:\/\/nicolorenzon.com.ar\/depto\/finalizar-compra\/","title":{"rendered":"Finalizar compra"},"content":{"rendered":"\t\t<div data-elementor-type=\"wp-page\" data-elementor-id=\"24\" class=\"elementor elementor-24\">\n\t\t\t\t\t\t<section class=\"elementor-section elementor-top-section elementor-element elementor-element-92d6426 elementor-section-full_width elementor-section-stretched elementor-section-height-default elementor-section-height-default\" data-id=\"92d6426\" data-element_type=\"section\" data-settings=\"{&quot;stretch_section&quot;:&quot;section-stretched&quot;,&quot;background_background&quot;:&quot;classic&quot;}\">\n\t\t\t\t\t\t<div class=\"elementor-container elementor-column-gap-default\">\n\t\t\t\t\t<div class=\"elementor-column elementor-col-100 elementor-top-column elementor-element elementor-element-ff2b8e6\" data-id=\"ff2b8e6\" data-element_type=\"column\">\n\t\t\t<div class=\"elementor-widget-wrap elementor-element-populated\">\n\t\t\t\t\t\t<div class=\"elementor-element elementor-element-c08d013 elementor-widget elementor-widget-heading\" data-id=\"c08d013\" data-element_type=\"widget\" data-widget_type=\"heading.default\">\n\t\t\t\t<div class=\"elementor-widget-container\">\n\t\t\t\t\t<h2 class=\"elementor-heading-title elementor-size-default\">Finalizar la compra<\/h2>\t\t\t\t<\/div>\n\t\t\t\t<\/div>\n\t\t\t\t<div class=\"elementor-element elementor-element-456879c elementor-widget-divider--view-line elementor-widget elementor-widget-divider\" data-id=\"456879c\" data-element_type=\"widget\" data-widget_type=\"divider.default\">\n\t\t\t\t<div class=\"elementor-widget-container\">\n\t\t\t\t\t\t\t<div class=\"elementor-divider\">\n\t\t\t<span class=\"elementor-divider-separator\">\n\t\t\t\t\t\t<\/span>\n\t\t<\/div>\n\t\t\t\t\t\t<\/div>\n\t\t\t\t<\/div>\n\t\t\t\t\t<\/div>\n\t\t<\/div>\n\t\t\t\t\t<\/div>\n\t\t<\/section>\n\t\t\t\t<section class=\"elementor-section elementor-top-section elementor-element elementor-element-1dc833fe elementor-section-stretched elementor-section-boxed elementor-section-height-default elementor-section-height-default\" data-id=\"1dc833fe\" data-element_type=\"section\" data-settings=\"{&quot;stretch_section&quot;:&quot;section-stretched&quot;,&quot;background_background&quot;:&quot;classic&quot;}\">\n\t\t\t\t\t\t<div class=\"elementor-container elementor-column-gap-default\">\n\t\t\t\t\t<div class=\"elementor-column elementor-col-100 elementor-top-column elementor-element elementor-element-39e1fa7d\" data-id=\"39e1fa7d\" data-element_type=\"column\" data-settings=\"{&quot;background_background&quot;:&quot;classic&quot;}\">\n\t\t\t<div class=\"elementor-widget-wrap elementor-element-populated\">\n\t\t\t\t\t\t<div class=\"elementor-element elementor-element-f2bd622 elementor-widget elementor-widget-shortcode\" data-id=\"f2bd622\" data-element_type=\"widget\" data-widget_type=\"shortcode.default\">\n\t\t\t\t<div class=\"elementor-widget-container\">\n\t\t\t\t\t\t\t<div class=\"elementor-shortcode\">            <div data-woocs-sd='{&quot;width&quot;:500,&quot;img_pos&quot;:1,&quot;max_open_height&quot;:300,&quot;show_img&quot;:1,&quot;width_p100&quot;:1,&quot;scale&quot;:100,&quot;description_font_size&quot;:12,&quot;title_show&quot;:1,&quot;title_value&quot;:&quot;__CODE__&quot;,&quot;title_font&quot;:&quot;Montserrat&quot;,&quot;title_bold&quot;:1,&quot;title_font_size&quot;:14,&quot;title_color&quot;:&quot;#ffffff&quot;,&quot;border_radius&quot;:0,&quot;border_color&quot;:&quot;#2aa74f&quot;,&quot;img_height&quot;:38,&quot;img_vertival_pos&quot;:-3,&quot;show_description&quot;:1,&quot;description_color&quot;:&quot;#ffffff&quot;,&quot;description_font&quot;:&quot;Montserrat&quot;,&quot;background_color&quot;:&quot;#2aa74f&quot;,&quot;pointer_color&quot;:&quot;#ffffff&quot;,&quot;divider_color&quot;:&quot;#eeeeee&quot;,&quot;divider_size&quot;:2,&quot;border_width&quot;:1}' data-woocs-ver='1.4.2.3' style=\"width: 500px; max-width: 100%;\" data-woocs-sd-currencies='[{&quot;value&quot;:&quot;ARS&quot;,&quot;sign&quot;:&quot;&amp;#36;&quot;,&quot;title&quot;:&quot;ARS&quot;,&quot;text&quot;:&quot;&quot;,&quot;img&quot;:&quot;https:\\\/\\\/nicolorenzon.com.ar\\\/depto\\\/wp-content\\\/uploads\\\/2023\\\/11\\\/Flag_of_Argentina.svg.png&quot;,&quot;title_attributes&quot;:{&quot;data-sign&quot;:&quot;&amp;#36;&quot;,&quot;data-name&quot;:&quot;ARS&quot;,&quot;data-desc&quot;:&quot;&quot;}},{&quot;value&quot;:&quot;USD&quot;,&quot;sign&quot;:&quot;&amp;#36;&quot;,&quot;title&quot;:&quot;USD&quot;,&quot;text&quot;:&quot;PayPal \\\/ Amazon&quot;,&quot;img&quot;:&quot;https:\\\/\\\/nicolorenzon.com.ar\\\/depto\\\/wp-content\\\/uploads\\\/2023\\\/11\\\/icono-aislado-vector-billetes-dolar-ilustracion-emoji-billete-dolar-icono-billete-dolar_603823-1132.jpg&quot;,&quot;title_attributes&quot;:{&quot;data-sign&quot;:&quot;&amp;#36;&quot;,&quot;data-name&quot;:&quot;USD&quot;,&quot;data-desc&quot;:&quot;PayPal \\\/ Amazon&quot;}}]'><div class=\"woocs-lds-ellipsis\"><div><\/div><div><\/div><div><\/div><div><\/div><\/div><\/div>\r\n            <\/div>\n\t\t\t\t\t\t<\/div>\n\t\t\t\t<\/div>\n\t\t\t\t<div class=\"elementor-element elementor-element-1874c38 e-cart-layout-one-column elementor-widget elementor-widget-woocommerce-cart\" data-id=\"1874c38\" data-element_type=\"widget\" data-settings=\"{&quot;update_cart_automatically&quot;:&quot;yes&quot;}\" data-widget_type=\"woocommerce-cart.default\">\n\t\t\t\t<div class=\"elementor-widget-container\">\n\t\t\t\t\t<div class=\"woocommerce\"><div class=\"woocommerce-notices-wrapper\"><\/div><div class=\"wc-empty-cart-message\">\n\t<div class=\"cart-empty woocommerce-info\">\n\t\tTu carrito est\u00e1 vac\u00edo.\t<\/div>\n<\/div>\t<p class=\"return-to-shop\">\n\t\t<a class=\"button wc-backward\" href=\"https:\/\/nicolorenzon.com.ar\/depto\/tienda\/\">\n\t\t\tVolver a la tienda\t\t<\/a>\n\t<\/p>\n<\/div>\t\t\t\t<\/div>\n\t\t\t\t<\/div>\n\t\t\t\t\t<\/div>\n\t\t<\/div>\n\t\t\t\t\t<\/div>\n\t\t<\/section>\n\t\t\t\t<section class=\"elementor-section elementor-top-section elementor-element elementor-element-a635c80 elementor-section-stretched elementor-section-boxed elementor-section-height-default elementor-section-height-default\" data-id=\"a635c80\" data-element_type=\"section\" data-settings=\"{&quot;stretch_section&quot;:&quot;section-stretched&quot;,&quot;background_background&quot;:&quot;classic&quot;}\">\n\t\t\t\t\t\t<div class=\"elementor-container elementor-column-gap-default\">\n\t\t\t\t\t<div class=\"elementor-column elementor-col-100 elementor-top-column elementor-element elementor-element-47dccc8\" data-id=\"47dccc8\" data-element_type=\"column\" data-settings=\"{&quot;background_background&quot;:&quot;classic&quot;}\">\n\t\t\t<div class=\"elementor-widget-wrap elementor-element-populated\">\n\t\t\t\t\t\t<div class=\"elementor-element elementor-element-159ecb4 elementor-widget elementor-widget-html\" data-id=\"159ecb4\" data-element_type=\"widget\" data-widget_type=\"html.default\">\n\t\t\t\t<div class=\"elementor-widget-container\">\n\t\t\t\t\t<script>\r\n    var stripeRadio = document.getElementById('payment_method_stripe');\r\nvar placeOrderButton = document.getElementById('place_order');\r\n\r\nstripeRadio.addEventListener('change', function() {\r\n  if (stripeRadio.checked) {\r\n    placeOrderButton.classList.remove('ppcp-hidden');\r\n  } else {\r\n    placeOrderButton.classList.add('ppcp-hidden');\r\n  }\r\n});\r\n\r\n\r\n<\/script>\t\t\t\t<\/div>\n\t\t\t\t<\/div>\n\t\t\t\t<div class=\"elementor-element elementor-element-c615164 final e-checkout-layout-one-column elementor-widget elementor-widget-woocommerce-checkout-page\" data-id=\"c615164\" data-element_type=\"widget\" data-widget_type=\"woocommerce-checkout-page.default\">\n\t\t\t\t<div class=\"elementor-widget-container\">\n\t\t\t\t\t<div class=\"woocommerce\"><div class=\"woocommerce-notices-wrapper\"><\/div><\/div>\t\t\t\t<\/div>\n\t\t\t\t<\/div>\n\t\t\t\t\t<\/div>\n\t\t<\/div>\n\t\t\t\t\t<\/div>\n\t\t<\/section>\n\t\t\t\t<\/div>\n\t\t","protected":false},"excerpt":{"rendered":"<p>Finalizar la compra Eliminar art\u00edculo Imagen en miniatura Producto Precio Cantidad Subtotal Ebook Inicia Tu Negocio Online &#36;&nbsp;577 (ARS) Ebook Inicia Tu Negocio Online cantidad &#36;&nbsp;1.154 (ARS) Total Subtotal &#36;&nbsp;1.154 (ARS) Total &#36;&nbsp;1.154 (ARS) Comprar Tus datos Nombre y apellido&nbsp;* Last Name&nbsp;* Pa\u00eds \/ Regi\u00f3n&nbsp;*Selecciona un pa\u00eds\/regi\u00f3n&hellip;Afganist\u00e1nAlbaniaAlemaniaAndorraAngolaAnguillaAnt\u00e1rtidaAntigua y BarbudaArabia SauditaArgeliaArgentinaArmeniaArubaAustraliaAustriaAzerbaijanBahamasBahrainBangladeshBarbadosBelauB\u00e9lgicaBelizeBeninBermudaBhutanBielorrusiaBirmaniaBoliviaBonaire, San Eustaquio y SabaBosnia y [&hellip;]<\/p>\n","protected":false},"author":1,"featured_media":0,"parent":0,"menu_order":0,"comment_status":"closed","ping_status":"closed","template":"","meta":{"site-sidebar-layout":"default","site-content-layout":"","ast-site-content-layout":"default","site-content-style":"default","site-sidebar-style":"default","ast-global-header-display":"","ast-banner-title-visibility":"","ast-main-header-display":"","ast-hfb-above-header-display":"","ast-hfb-below-header-display":"","ast-hfb-mobile-header-display":"","site-post-title":"","ast-breadcrumbs-content":"","ast-featured-img":"","footer-sml-layout":"","ast-disable-related-posts":"","theme-transparent-header-meta":"","adv-header-id-meta":"","stick-header-meta":"","header-above-stick-meta":"","header-main-stick-meta":"","header-below-stick-meta":"","astra-migrate-meta-layouts":"default","ast-page-background-enabled":"default","ast-page-background-meta":{"desktop":{"background-color":"var(--ast-global-color-4)","background-image":"","background-repeat":"repeat","background-position":"center center","background-size":"auto","background-attachment":"scroll","background-type":"","background-media":"","overlay-type":"","overlay-color":"","overlay-opacity":"","overlay-gradient":""},"tablet":{"background-color":"","background-image":"","background-repeat":"repeat","background-position":"center center","background-size":"auto","background-attachment":"scroll","background-type":"","background-media":"","overlay-type":"","overlay-color":"","overlay-opacity":"","overlay-gradient":""},"mobile":{"background-color":"","background-image":"","background-repeat":"repeat","background-position":"center center","background-size":"auto","background-attachment":"scroll","background-type":"","background-media":"","overlay-type":"","overlay-color":"","overlay-opacity":"","overlay-gradient":""}},"ast-content-background-meta":{"desktop":{"background-color":"var(--ast-global-color-5)","background-image":"","background-repeat":"repeat","background-position":"center center","background-size":"auto","background-attachment":"scroll","background-type":"","background-media":"","overlay-type":"","overlay-color":"","overlay-opacity":"","overlay-gradient":""},"tablet":{"background-color":"var(--ast-global-color-5)","background-image":"","background-repeat":"repeat","background-position":"center center","background-size":"auto","background-attachment":"scroll","background-type":"","background-media":"","overlay-type":"","overlay-color":"","overlay-opacity":"","overlay-gradient":""},"mobile":{"background-color":"var(--ast-global-color-5)","background-image":"","background-repeat":"repeat","background-position":"center center","background-size":"auto","background-attachment":"scroll","background-type":"","background-media":"","overlay-type":"","overlay-color":"","overlay-opacity":"","overlay-gradient":""}},"footnotes":""},"class_list":["post-24","page","type-page","status-publish","hentry"],"yoast_head":"<!-- This site is optimized with the Yoast SEO plugin v25.2 - https:\/\/yoast.com\/wordpress\/plugins\/seo\/ -->\n<title>Finalizar compra - Team NLZ |<\/title>\n<meta name=\"robots\" content=\"index, follow, max-snippet:-1, max-image-preview:large, max-video-preview:-1\" \/>\n<link rel=\"canonical\" href=\"https:\/\/nicolorenzon.com.ar\/depto\/finalizar-compra\/\" \/>\n<meta property=\"og:locale\" content=\"es_ES\" \/>\n<meta property=\"og:type\" content=\"article\" \/>\n<meta property=\"og:title\" content=\"Finalizar compra - Team NLZ |\" \/>\n<meta property=\"og:description\" content=\"Finalizar la compra Eliminar art\u00edculo Imagen en miniatura Producto Precio Cantidad Subtotal Ebook Inicia Tu Negocio Online &#036;&nbsp;577 (ARS) Ebook Inicia Tu Negocio Online cantidad &#036;&nbsp;1.154 (ARS) Total Subtotal &#036;&nbsp;1.154 (ARS) Total &#036;&nbsp;1.154 (ARS) Comprar Tus datos Nombre y apellido&nbsp;* Last Name&nbsp;* Pa\u00eds \/ Regi\u00f3n&nbsp;*Selecciona un pa\u00eds\/regi\u00f3n&hellip;Afganist\u00e1nAlbaniaAlemaniaAndorraAngolaAnguillaAnt\u00e1rtidaAntigua y BarbudaArabia SauditaArgeliaArgentinaArmeniaArubaAustraliaAustriaAzerbaijanBahamasBahrainBangladeshBarbadosBelauB\u00e9lgicaBelizeBeninBermudaBhutanBielorrusiaBirmaniaBoliviaBonaire, San Eustaquio y SabaBosnia y [&hellip;]\" \/>\n<meta property=\"og:url\" content=\"https:\/\/nicolorenzon.com.ar\/depto\/finalizar-compra\/\" \/>\n<meta property=\"og:site_name\" content=\"Team NLZ |\" \/>\n<meta property=\"article:modified_time\" content=\"2024-06-14T23:12:37+00:00\" \/>\n<meta property=\"og:image\" content=\"https:\/\/nicolorenzon.com.ar\/depto\/wp-content\/uploads\/2024\/04\/ebook_inicia_negocio-300x300.png\" \/>\n<meta name=\"twitter:card\" content=\"summary_large_image\" \/>\n<meta name=\"twitter:label1\" content=\"Tiempo de lectura\" \/>\n\t<meta name=\"twitter:data1\" content=\"3 minutos\" \/>\n<script type=\"application\/ld+json\" class=\"yoast-schema-graph\">{\"@context\":\"https:\/\/schema.org\",\"@graph\":[{\"@type\":\"WebPage\",\"@id\":\"https:\/\/nicolorenzon.com.ar\/depto\/finalizar-compra\/\",\"url\":\"https:\/\/nicolorenzon.com.ar\/depto\/finalizar-compra\/\",\"name\":\"Finalizar compra - Team NLZ |\",\"isPartOf\":{\"@id\":\"https:\/\/nicolorenzon.com.ar\/depto\/#website\"},\"primaryImageOfPage\":{\"@id\":\"https:\/\/nicolorenzon.com.ar\/depto\/finalizar-compra\/#primaryimage\"},\"image\":{\"@id\":\"https:\/\/nicolorenzon.com.ar\/depto\/finalizar-compra\/#primaryimage\"},\"thumbnailUrl\":\"https:\/\/nicolorenzon.com.ar\/depto\/wp-content\/uploads\/2024\/04\/ebook_inicia_negocio-300x300.png\",\"datePublished\":\"2022-11-16T20:23:02+00:00\",\"dateModified\":\"2024-06-14T23:12:37+00:00\",\"breadcrumb\":{\"@id\":\"https:\/\/nicolorenzon.com.ar\/depto\/finalizar-compra\/#breadcrumb\"},\"inLanguage\":\"es\",\"potentialAction\":[{\"@type\":\"ReadAction\",\"target\":[\"https:\/\/nicolorenzon.com.ar\/depto\/finalizar-compra\/\"]}]},{\"@type\":\"ImageObject\",\"inLanguage\":\"es\",\"@id\":\"https:\/\/nicolorenzon.com.ar\/depto\/finalizar-compra\/#primaryimage\",\"url\":\"https:\/\/nicolorenzon.com.ar\/depto\/wp-content\/uploads\/2024\/04\/ebook_inicia_negocio.png\",\"contentUrl\":\"https:\/\/nicolorenzon.com.ar\/depto\/wp-content\/uploads\/2024\/04\/ebook_inicia_negocio.png\",\"width\":700,\"height\":653},{\"@type\":\"BreadcrumbList\",\"@id\":\"https:\/\/nicolorenzon.com.ar\/depto\/finalizar-compra\/#breadcrumb\",\"itemListElement\":[{\"@type\":\"ListItem\",\"position\":1,\"name\":\"Portada\",\"item\":\"https:\/\/nicolorenzon.com.ar\/depto\/\"},{\"@type\":\"ListItem\",\"position\":2,\"name\":\"Finalizar compra\"}]},{\"@type\":\"WebSite\",\"@id\":\"https:\/\/nicolorenzon.com.ar\/depto\/#website\",\"url\":\"https:\/\/nicolorenzon.com.ar\/depto\/\",\"name\":\"Team NLZ |\",\"description\":\"Ebook inicia tu negocio online\",\"potentialAction\":[{\"@type\":\"SearchAction\",\"target\":{\"@type\":\"EntryPoint\",\"urlTemplate\":\"https:\/\/nicolorenzon.com.ar\/depto\/?s={search_term_string}\"},\"query-input\":{\"@type\":\"PropertyValueSpecification\",\"valueRequired\":true,\"valueName\":\"search_term_string\"}}],\"inLanguage\":\"es\"}]}<\/script>\n<!-- \/ Yoast SEO plugin. -->","yoast_head_json":{"title":"Finalizar compra - Team NLZ |","robots":{"index":"index","follow":"follow","max-snippet":"max-snippet:-1","max-image-preview":"max-image-preview:large","max-video-preview":"max-video-preview:-1"},"canonical":"https:\/\/nicolorenzon.com.ar\/depto\/finalizar-compra\/","og_locale":"es_ES","og_type":"article","og_title":"Finalizar compra - Team NLZ |","og_description":"Finalizar la compra Eliminar art\u00edculo Imagen en miniatura Producto Precio Cantidad Subtotal Ebook Inicia Tu Negocio Online &#36;&nbsp;577 (ARS) Ebook Inicia Tu Negocio Online cantidad &#36;&nbsp;1.154 (ARS) Total Subtotal &#36;&nbsp;1.154 (ARS) Total &#36;&nbsp;1.154 (ARS) Comprar Tus datos Nombre y apellido&nbsp;* Last Name&nbsp;* Pa\u00eds \/ Regi\u00f3n&nbsp;*Selecciona un pa\u00eds\/regi\u00f3n&hellip;Afganist\u00e1nAlbaniaAlemaniaAndorraAngolaAnguillaAnt\u00e1rtidaAntigua y BarbudaArabia SauditaArgeliaArgentinaArmeniaArubaAustraliaAustriaAzerbaijanBahamasBahrainBangladeshBarbadosBelauB\u00e9lgicaBelizeBeninBermudaBhutanBielorrusiaBirmaniaBoliviaBonaire, San Eustaquio y SabaBosnia y [&hellip;]","og_url":"https:\/\/nicolorenzon.com.ar\/depto\/finalizar-compra\/","og_site_name":"Team NLZ |","article_modified_time":"2024-06-14T23:12:37+00:00","og_image":[{"url":"https:\/\/nicolorenzon.com.ar\/depto\/wp-content\/uploads\/2024\/04\/ebook_inicia_negocio-300x300.png","type":"","width":"","height":""}],"twitter_card":"summary_large_image","twitter_misc":{"Tiempo de lectura":"3 minutos"},"schema":{"@context":"https:\/\/schema.org","@graph":[{"@type":"WebPage","@id":"https:\/\/nicolorenzon.com.ar\/depto\/finalizar-compra\/","url":"https:\/\/nicolorenzon.com.ar\/depto\/finalizar-compra\/","name":"Finalizar compra - Team NLZ |","isPartOf":{"@id":"https:\/\/nicolorenzon.com.ar\/depto\/#website"},"primaryImageOfPage":{"@id":"https:\/\/nicolorenzon.com.ar\/depto\/finalizar-compra\/#primaryimage"},"image":{"@id":"https:\/\/nicolorenzon.com.ar\/depto\/finalizar-compra\/#primaryimage"},"thumbnailUrl":"https:\/\/nicolorenzon.com.ar\/depto\/wp-content\/uploads\/2024\/04\/ebook_inicia_negocio-300x300.png","datePublished":"2022-11-16T20:23:02+00:00","dateModified":"2024-06-14T23:12:37+00:00","breadcrumb":{"@id":"https:\/\/nicolorenzon.com.ar\/depto\/finalizar-compra\/#breadcrumb"},"inLanguage":"es","potentialAction":[{"@type":"ReadAction","target":["https:\/\/nicolorenzon.com.ar\/depto\/finalizar-compra\/"]}]},{"@type":"ImageObject","inLanguage":"es","@id":"https:\/\/nicolorenzon.com.ar\/depto\/finalizar-compra\/#primaryimage","url":"https:\/\/nicolorenzon.com.ar\/depto\/wp-content\/uploads\/2024\/04\/ebook_inicia_negocio.png","contentUrl":"https:\/\/nicolorenzon.com.ar\/depto\/wp-content\/uploads\/2024\/04\/ebook_inicia_negocio.png","width":700,"height":653},{"@type":"BreadcrumbList","@id":"https:\/\/nicolorenzon.com.ar\/depto\/finalizar-compra\/#breadcrumb","itemListElement":[{"@type":"ListItem","position":1,"name":"Portada","item":"https:\/\/nicolorenzon.com.ar\/depto\/"},{"@type":"ListItem","position":2,"name":"Finalizar compra"}]},{"@type":"WebSite","@id":"https:\/\/nicolorenzon.com.ar\/depto\/#website","url":"https:\/\/nicolorenzon.com.ar\/depto\/","name":"Team NLZ |","description":"Ebook inicia tu negocio online","potentialAction":[{"@type":"SearchAction","target":{"@type":"EntryPoint","urlTemplate":"https:\/\/nicolorenzon.com.ar\/depto\/?s={search_term_string}"},"query-input":{"@type":"PropertyValueSpecification","valueRequired":true,"valueName":"search_term_string"}}],"inLanguage":"es"}]}},"_links":{"self":[{"href":"https:\/\/nicolorenzon.com.ar\/depto\/wp-json\/wp\/v2\/pages\/24","targetHints":{"allow":["GET"]}}],"collection":[{"href":"https:\/\/nicolorenzon.com.ar\/depto\/wp-json\/wp\/v2\/pages"}],"about":[{"href":"https:\/\/nicolorenzon.com.ar\/depto\/wp-json\/wp\/v2\/types\/page"}],"author":[{"embeddable":true,"href":"https:\/\/nicolorenzon.com.ar\/depto\/wp-json\/wp\/v2\/users\/1"}],"replies":[{"embeddable":true,"href":"https:\/\/nicolorenzon.com.ar\/depto\/wp-json\/wp\/v2\/comments?post=24"}],"version-history":[{"count":378,"href":"https:\/\/nicolorenzon.com.ar\/depto\/wp-json\/wp\/v2\/pages\/24\/revisions"}],"predecessor-version":[{"id":34477,"href":"https:\/\/nicolorenzon.com.ar\/depto\/wp-json\/wp\/v2\/pages\/24\/revisions\/34477"}],"wp:attachment":[{"href":"https:\/\/nicolorenzon.com.ar\/depto\/wp-json\/wp\/v2\/media?parent=24"}],"curies":[{"name":"wp","href":"https:\/\/api.w.org\/{rel}","templated":true}]}}